{"id":1273,"date":"2016-06-19T19:10:48","date_gmt":"2016-06-19T17:10:48","guid":{"rendered":"http:\/\/trocit.com\/cabinetbag\/?page_id=1272"},"modified":"2020-05-25T07:19:55","modified_gmt":"2020-05-25T05:19:55","slug":"imagerie","status":"publish","type":"page","link":"http:\/\/www.cabinetbag.fr\/bag\/imagerie\/","title":{"rendered":"Imagerie"},"content":{"rendered":"<p>L\u2019imagerie a beaucoup \u00e9volu\u00e9 ces 20 derni\u00e8res ann\u00e9es notamment dans le domaine des soins dentaires avec la num\u00e9risation des radios. L\u2019imagerie num\u00e9rique est moins irradiante. Sa capacit\u00e9 de diagnostic est sup\u00e9rieure car l\u2019optimisation de l\u2019image num\u00e9rique permet de visualiser une l\u00e9sion infectieuse m\u00eame invisible sur le clich\u00e9 initial. Mais la GRANDE R\u00c9VOLUTION a eu lieu il y a 5ans. Certains cabinets se sont \u00e9quip\u00e9s d\u2019imagerie 3D, ce qui est notre cas.<\/p>\n<p>L\u2019imagerie 3D ou Cone Beam est une version moins irradiante du Scanner ; cette navigation dans tous les sens de l\u2019espace permet la mise en \u00e9vidence de certaines l\u00e9sions infectieuses, osseuses impossibles \u00e0 voir jusque l\u00e0.<br \/>\nDans notre cabinet, la 3D est utilis\u00e9e \u00e0 2 \u00e9gards :  en recherche des l\u00e9sions \u00e9voqu\u00e9es ci-dessus et  pour effectuer les bilans pr\u00e9-implantaires qui permettent d\u2019identifier le volume osseux et les obstacles anatomiques.<\/p>\n<p>Le bilan pr\u00e9-implantaire par la 3D,  permet de r\u00e9aliser des chirurgies implantaires dans la plus grande s\u00e9curit\u00e9.<\/p>\n","protected":false},"excerpt":{"rendered":"<p>L\u2019imagerie a beaucoup \u00e9volu\u00e9 ces 20 derni\u00e8res ann\u00e9es notamment dans le domaine des soins dentaires avec la num\u00e9risation des radios. L\u2019imagerie num\u00e9rique est moins irradiante. Sa capacit\u00e9 de diagnostic est sup\u00e9rieure car l\u2019optimisation de l\u2019image num\u00e9rique permet de visualiser une l\u00e9sion infectieuse m\u00eame invisible sur le clich\u00e9 initial. Mais la GRANDE R\u00c9VOLUTION a eu lieu [&hellip;]<\/p>\n","protected":false},"author":1,"featured_media":0,"parent":0,"menu_order":0,"comment_status":"closed","ping_status":"closed","template":"page-full-width.php","meta":{"footnotes":""},"class_list":["post-1273","page","type-page","status-publish","hentry"],"_links":{"self":[{"href":"http:\/\/www.cabinetbag.fr\/bag\/wp-json\/wp\/v2\/pages\/1273","targetHints":{"allow":["GET"]}}],"collection":[{"href":"http:\/\/www.cabinetbag.fr\/bag\/wp-json\/wp\/v2\/pages"}],"about":[{"href":"http:\/\/www.cabinetbag.fr\/bag\/wp-json\/wp\/v2\/types\/page"}],"author":[{"embeddable":true,"href":"http:\/\/www.cabinetbag.fr\/bag\/wp-json\/wp\/v2\/users\/1"}],"replies":[{"embeddable":true,"href":"http:\/\/www.cabinetbag.fr\/bag\/wp-json\/wp\/v2\/comments?post=1273"}],"version-history":[{"count":1,"href":"http:\/\/www.cabinetbag.fr\/bag\/wp-json\/wp\/v2\/pages\/1273\/revisions"}],"predecessor-version":[{"id":1392,"href":"http:\/\/www.cabinetbag.fr\/bag\/wp-json\/wp\/v2\/pages\/1273\/revisions\/1392"}],"wp:attachment":[{"href":"http:\/\/www.cabinetbag.fr\/bag\/wp-json\/wp\/v2\/media?parent=1273"}],"curies":[{"name":"wp","href":"https:\/\/api.w.org\/{rel}","templated":true}]}}