{"id":1349,"date":"2017-03-25T11:56:20","date_gmt":"2017-03-25T10:56:20","guid":{"rendered":"http:\/\/www.cabinetbag.fr\/bag\/?page_id=1349"},"modified":"2017-03-25T12:03:07","modified_gmt":"2017-03-25T11:03:07","slug":"esthetique-2","status":"publish","type":"page","link":"http:\/\/www.cabinetbag.fr\/bag\/esthetique-2\/","title":{"rendered":"Esth\u00e9tique"},"content":{"rendered":"<p><img loading=\"lazy\" decoding=\"async\" class=\"alignright size-full wp-image-1350\" src=\"http:\/\/www.cabinetbag.fr\/bag\/wp-content\/uploads\/2017\/03\/esthetique.jpg\" alt=\"\" width=\"280\" height=\"763\" srcset=\"http:\/\/www.cabinetbag.fr\/bag\/wp-content\/uploads\/2017\/03\/esthetique.jpg 280w, http:\/\/www.cabinetbag.fr\/bag\/wp-content\/uploads\/2017\/03\/esthetique-110x300.jpg 110w\" sizes=\"auto, (max-width: 280px) 100vw, 280px\" \/>La modernit\u00e9 de notre soci\u00e9t\u00e9 s\u2019accompagne d\u2019une \u00e9volution de l\u2019importance de l\u2019esth\u00e9tique du sourire.<\/p>\n<p>Le sourire est une pr\u00e9occupation de notre exercice quotidien\u00a0; notre pratique \u00e9volue vers une dentisterie esth\u00e9tique ou cosm\u00e9tique.<\/p>\n<p>La\u00a0forme et\u00a0la teinte des dents, leur alignement ainsi que la sant\u00e9 de la gencive sont les garants de la beaut\u00e9 du sourire.<\/p>\n<p>L\u2019utilisation de photographies, de mod\u00e8les d\u2019\u00e9tude, la participation du patient permet de faire \u00e9voluer le sourire.<br \/>\nDiff\u00e9rents moyens s\u2019offrent \u00e0 nous pour r\u00e9aliser cette dentisterie esth\u00e9tique.<\/p>\n<p>&#8211; L\u2019\u00e9claircissement pour optimiser la teinte des dents et obtenir un sourire lumineux.<br \/>\n&#8211; Le traitement orthodontique pour aligner les dents lors d\u2019encombrement dentaire.<br \/>\n&#8211; Les restaurations esth\u00e9tiques en c\u00e9ramique\u2026 composite\u2026 lorsqu\u2019il existe une atteinte de\u00a0 l\u2019int\u00e9grit\u00e9 de la dent.<br \/>\n&#8211; Les plasties gingivales \u00a0pour rem\u00e9dier aux manques de volume ou de hauteur de gencive.<\/p>\n<p>La dentisterie esth\u00e9tique s\u2019int\u00e8gre donc dans une th\u00e9rapeutique globale.<\/p>\n<p>L\u2019arriv\u00e9e de techniques num\u00e9riques comme le \u00ab\u00a0smile design\u00a0\u00bb offrent la possibilit\u00e9 de pr\u00e9-visualiser des r\u00e9sultats sur tablette num\u00e9rique et en bouche.<\/p>\n","protected":false},"excerpt":{"rendered":"<p>La modernit\u00e9 de notre soci\u00e9t\u00e9 s\u2019accompagne d\u2019une \u00e9volution de l\u2019importance de l\u2019esth\u00e9tique du sourire. Le sourire est une pr\u00e9occupation de notre exercice quotidien\u00a0; notre pratique \u00e9volue vers une dentisterie esth\u00e9tique ou cosm\u00e9tique. La\u00a0forme et\u00a0la teinte des dents, leur alignement ainsi que la sant\u00e9 de la gencive sont les garants de la beaut\u00e9 du sourire. L\u2019utilisation [&hellip;]<\/p>\n","protected":false},"author":1,"featured_media":0,"parent":0,"menu_order":0,"comment_status":"closed","ping_status":"closed","template":"page-full-width.php","meta":{"footnotes":""},"class_list":["post-1349","page","type-page","status-publish","hentry"],"_links":{"self":[{"href":"http:\/\/www.cabinetbag.fr\/bag\/wp-json\/wp\/v2\/pages\/1349","targetHints":{"allow":["GET"]}}],"collection":[{"href":"http:\/\/www.cabinetbag.fr\/bag\/wp-json\/wp\/v2\/pages"}],"about":[{"href":"http:\/\/www.cabinetbag.fr\/bag\/wp-json\/wp\/v2\/types\/page"}],"author":[{"embeddable":true,"href":"http:\/\/www.cabinetbag.fr\/bag\/wp-json\/wp\/v2\/users\/1"}],"replies":[{"embeddable":true,"href":"http:\/\/www.cabinetbag.fr\/bag\/wp-json\/wp\/v2\/comments?post=1349"}],"version-history":[{"count":4,"href":"http:\/\/www.cabinetbag.fr\/bag\/wp-json\/wp\/v2\/pages\/1349\/revisions"}],"predecessor-version":[{"id":1356,"href":"http:\/\/www.cabinetbag.fr\/bag\/wp-json\/wp\/v2\/pages\/1349\/revisions\/1356"}],"wp:attachment":[{"href":"http:\/\/www.cabinetbag.fr\/bag\/wp-json\/wp\/v2\/media?parent=1349"}],"curies":[{"name":"wp","href":"https:\/\/api.w.org\/{rel}","templated":true}]}}