{"id":714,"date":"2013-10-12T19:11:22","date_gmt":"2013-10-12T17:11:22","guid":{"rendered":"http:\/\/trocit.com\/cabinetbag\/?page_id=714"},"modified":"2020-05-25T07:20:24","modified_gmt":"2020-05-25T05:20:24","slug":"implantologie-2","status":"publish","type":"page","link":"http:\/\/www.cabinetbag.fr\/bag\/implantologie-2\/","title":{"rendered":"Implantologie"},"content":{"rendered":"<p><a href=\"http:\/\/www.cabinetbag.fr\/bag\/wp-content\/uploads\/2016\/06\/implant-vis.jpg\"><img loading=\"lazy\" decoding=\"async\" class=\"alignright size-full wp-image-1254\" alt=\"implant-vis\" src=\"http:\/\/www.cabinetbag.fr\/bag\/wp-content\/uploads\/2016\/06\/implant-vis.jpg\" width=\"200\" height=\"184\" \/><\/a>La perte compl\u00e8te d\u2019une dent, couronne (partie visible) et racine peut-\u00eatre compens\u00e9e par un implant et une couronne sur implant.<br \/>\nLa pose d\u2019un implant est la plupart du temps un acte simple.<br \/>\nDans tous les cas, l\u2019acte est r\u00e9alis\u00e9 \u00e0 l\u2019aide d\u2019une anesth\u00e9sie locale, comparable \u00e0 celles des soins courants.<\/p>\n<p>Parfois, la perte d\u2019une dent s\u2019accompagne d&rsquo;un d\u00e9faut osseux.<\/p>\n<p>La pose d&rsquo;un implant n\u00e9cessite un certain volume osseux et gingival, nous pratiquons les soins destin\u00e9s \u00e0 compenser ces pertes tissulaires, greffes osseuses, sinusiennes et gingivales.<\/p>\n<p>Notre structure est \u00e9quip\u00e9 de deux salles d\u00e9di\u00e9es exclusivement \u00e0 a chirurgie.<\/p>\n<p>Les implants que nous utilisons sont de marques fran\u00e7aises.<br \/>\nA la fin de votre traitement nous fournissons un passeport implantaire qui permet d&rsquo;assurer la parfaite tra\u00e7abilit\u00e9 de votre traitement partout dans le monde.<\/p>\n<div class=\"tabs\" style=\"\"><ul class=\"tabs_nav\"><li><a href=\"#\" data-label_ref=\"1\">Am\u00e9nagement de volume osseux<\/a><\/li><li><a href=\"#\" data-label_ref=\"2\">Dent unitaire<\/a><\/li><li><a href=\"#\" data-label_ref=\"3\">Arcade compl\u00e8te<\/a><\/li><\/ul>\n<div class=\"tabs_content\" data-label_ref=\"1\" style=\"\"><p><img loading=\"lazy\" decoding=\"async\" class=\"alignleft size-full wp-image-725\" alt=\"implantologie-dent_unitaire\" src=\"http:\/\/www.cabinetbag.fr\/bag\/wp-content\/uploads\/2013\/10\/implantologie-dent_unitaire.jpg\" width=\"650\" height=\"225\" \/><\/p>\n<\/div>\n<div class=\"tabs_content\" data-label_ref=\"2\" style=\"\"><p><img loading=\"lazy\" decoding=\"async\" class=\"alignleft size-full wp-image-724\" alt=\"implantologie-dent_unitaire_avant-apres\" src=\"http:\/\/www.cabinetbag.fr\/bag\/wp-content\/uploads\/2013\/10\/implantologie-dent_unitaire_avant-apres.jpg\" width=\"650\" height=\"750\" \/><\/p>\n<\/div>\n<div class=\"tabs_content\" data-label_ref=\"3\" style=\"\"><p><img loading=\"lazy\" decoding=\"async\" class=\"alignleft size-full wp-image-723\" alt=\"implantologie-arcade_complete\" src=\"http:\/\/www.cabinetbag.fr\/bag\/wp-content\/uploads\/2013\/10\/implantologie-arcade_complete.jpg\" width=\"650\" height=\"750\" \/><\/p>\n<\/div>\n<\/div>\n","protected":false},"excerpt":{"rendered":"<p>La perte compl\u00e8te d\u2019une dent, couronne (partie visible) et racine peut-\u00eatre compens\u00e9e par un implant et une couronne sur implant. La pose d\u2019un implant est la plupart du temps un acte simple. Dans tous les cas, l\u2019acte est r\u00e9alis\u00e9 \u00e0 l\u2019aide d\u2019une anesth\u00e9sie locale, comparable \u00e0 celles des soins courants. Parfois, la perte d\u2019une dent [&hellip;]<\/p>\n","protected":false},"author":1,"featured_media":0,"parent":0,"menu_order":0,"comment_status":"closed","ping_status":"closed","template":"page-full-width.php","meta":{"footnotes":""},"class_list":["post-714","page","type-page","status-publish","hentry"],"_links":{"self":[{"href":"http:\/\/www.cabinetbag.fr\/bag\/wp-json\/wp\/v2\/pages\/714","targetHints":{"allow":["GET"]}}],"collection":[{"href":"http:\/\/www.cabinetbag.fr\/bag\/wp-json\/wp\/v2\/pages"}],"about":[{"href":"http:\/\/www.cabinetbag.fr\/bag\/wp-json\/wp\/v2\/types\/page"}],"author":[{"embeddable":true,"href":"http:\/\/www.cabinetbag.fr\/bag\/wp-json\/wp\/v2\/users\/1"}],"replies":[{"embeddable":true,"href":"http:\/\/www.cabinetbag.fr\/bag\/wp-json\/wp\/v2\/comments?post=714"}],"version-history":[{"count":1,"href":"http:\/\/www.cabinetbag.fr\/bag\/wp-json\/wp\/v2\/pages\/714\/revisions"}],"predecessor-version":[{"id":1393,"href":"http:\/\/www.cabinetbag.fr\/bag\/wp-json\/wp\/v2\/pages\/714\/revisions\/1393"}],"wp:attachment":[{"href":"http:\/\/www.cabinetbag.fr\/bag\/wp-json\/wp\/v2\/media?parent=714"}],"curies":[{"name":"wp","href":"https:\/\/api.w.org\/{rel}","templated":true}]}}