{"id":736,"date":"2013-10-12T21:24:42","date_gmt":"2013-10-12T19:24:42","guid":{"rendered":"http:\/\/trocit.com\/cabinetbag\/?page_id=736"},"modified":"2020-05-25T07:19:31","modified_gmt":"2020-05-25T05:19:31","slug":"aseptie-et-sterilisation","status":"publish","type":"page","link":"http:\/\/www.cabinetbag.fr\/bag\/aseptie-et-sterilisation\/","title":{"rendered":"Aseptie et st\u00e9rilisation"},"content":{"rendered":"<p><img loading=\"lazy\" decoding=\"async\" class=\"aligncenter size-full wp-image-877\" alt=\"aseptie02\" src=\"http:\/\/www.cabinetbag.fr\/bag\/wp-content\/uploads\/2014\/01\/aseptie02.jpg\" width=\"930\" height=\"400\" srcset=\"http:\/\/www.cabinetbag.fr\/bag\/wp-content\/uploads\/2014\/01\/aseptie02.jpg 930w, http:\/\/www.cabinetbag.fr\/bag\/wp-content\/uploads\/2014\/01\/aseptie02-300x129.jpg 300w, http:\/\/www.cabinetbag.fr\/bag\/wp-content\/uploads\/2014\/01\/aseptie02-768x330.jpg 768w\" sizes=\"auto, (max-width: 930px) 100vw, 930px\" \/><\/p>\n<h3>La d\u00e9contamination et la st\u00e9rilisation sont une pr\u00e9occupation majeure pour notre cabinet.<\/h3>\n<p>Toutes les surfaces, plans de travail, fauteuils, sont d\u00e9contamin\u00e9es avec des produits virucides et bact\u00e9ricides.<\/p>\n<p>Des embouts \u00e0 usages uniques sont utilis\u00e9s pour la projection d\u2019air et d\u2019eau.<br \/>\nToute l\u2019instrumentation est syst\u00e9matiquement st\u00e9rilis\u00e9e par des st\u00e9rilisateurs de \u00abClasse B+\u00bb.<\/p>\n<p>Ces st\u00e9rilisateurs sont conformes aux Normes Hospitali\u00e8res.<br \/>\nIls effectuent des cycles de st\u00e9rilisation et de destruction du prion.<br \/>\nLa temp\u00e9rature et la pression des st\u00e9rilisateurs sont test\u00e9s r\u00e9guli\u00e8rement.<br \/>\nNos st\u00e9rilisateurs respectent les normes les plus exigeantes.<br \/>\nLa salle de st\u00e9rilisation est \u00e9quip\u00e9e d\u2019une chaine de d\u00e9contamination automatis\u00e9e.<\/p>\n<p>Puis, ils sont mis sous sachets et st\u00e9rilis\u00e9s.<\/p>\n<p><img loading=\"lazy\" decoding=\"async\" class=\"aligncenter size-full wp-image-879\" alt=\"aseptie04\" src=\"http:\/\/www.cabinetbag.fr\/bag\/wp-content\/uploads\/2014\/01\/aseptie04.jpg\" width=\"930\" height=\"300\" srcset=\"http:\/\/www.cabinetbag.fr\/bag\/wp-content\/uploads\/2014\/01\/aseptie04.jpg 930w, http:\/\/www.cabinetbag.fr\/bag\/wp-content\/uploads\/2014\/01\/aseptie04-300x97.jpg 300w, http:\/\/www.cabinetbag.fr\/bag\/wp-content\/uploads\/2014\/01\/aseptie04-768x248.jpg 768w\" sizes=\"auto, (max-width: 930px) 100vw, 930px\" \/><\/p>\n","protected":false},"excerpt":{"rendered":"<p>La d\u00e9contamination et la st\u00e9rilisation sont une pr\u00e9occupation majeure pour notre cabinet. Toutes les surfaces, plans de travail, fauteuils, sont d\u00e9contamin\u00e9es avec des produits virucides et bact\u00e9ricides. Des embouts \u00e0 usages uniques sont utilis\u00e9s pour la projection d\u2019air et d\u2019eau. Toute l\u2019instrumentation est syst\u00e9matiquement st\u00e9rilis\u00e9e par des st\u00e9rilisateurs de \u00abClasse B+\u00bb. Ces st\u00e9rilisateurs sont conformes [&hellip;]<\/p>\n","protected":false},"author":1,"featured_media":0,"parent":0,"menu_order":0,"comment_status":"closed","ping_status":"closed","template":"page-full-width.php","meta":{"footnotes":""},"class_list":["post-736","page","type-page","status-publish","hentry"],"_links":{"self":[{"href":"http:\/\/www.cabinetbag.fr\/bag\/wp-json\/wp\/v2\/pages\/736","targetHints":{"allow":["GET"]}}],"collection":[{"href":"http:\/\/www.cabinetbag.fr\/bag\/wp-json\/wp\/v2\/pages"}],"about":[{"href":"http:\/\/www.cabinetbag.fr\/bag\/wp-json\/wp\/v2\/types\/page"}],"author":[{"embeddable":true,"href":"http:\/\/www.cabinetbag.fr\/bag\/wp-json\/wp\/v2\/users\/1"}],"replies":[{"embeddable":true,"href":"http:\/\/www.cabinetbag.fr\/bag\/wp-json\/wp\/v2\/comments?post=736"}],"version-history":[{"count":1,"href":"http:\/\/www.cabinetbag.fr\/bag\/wp-json\/wp\/v2\/pages\/736\/revisions"}],"predecessor-version":[{"id":1389,"href":"http:\/\/www.cabinetbag.fr\/bag\/wp-json\/wp\/v2\/pages\/736\/revisions\/1389"}],"wp:attachment":[{"href":"http:\/\/www.cabinetbag.fr\/bag\/wp-json\/wp\/v2\/media?parent=736"}],"curies":[{"name":"wp","href":"https:\/\/api.w.org\/{rel}","templated":true}]}}