{"id":750,"date":"2013-10-27T17:01:30","date_gmt":"2013-10-27T16:01:30","guid":{"rendered":"http:\/\/trocit.com\/cabinetbag\/?page_id=750"},"modified":"2020-11-28T09:25:04","modified_gmt":"2020-11-28T08:25:04","slug":"parodontologie","status":"publish","type":"page","link":"http:\/\/www.cabinetbag.fr\/bag\/parodontologie\/","title":{"rendered":"Parodontologie"},"content":{"rendered":"<p><img loading=\"lazy\" decoding=\"async\" class=\"aligncenter size-full wp-image-798\" src=\"http:\/\/www.cabinetbag.fr\/bag\/wp-content\/uploads\/2013\/10\/parodontologie02.jpg\" alt=\"parodontologie02\" width=\"800\" height=\"230\" srcset=\"http:\/\/www.cabinetbag.fr\/bag\/wp-content\/uploads\/2013\/10\/parodontologie02.jpg 800w, http:\/\/www.cabinetbag.fr\/bag\/wp-content\/uploads\/2013\/10\/parodontologie02-300x86.jpg 300w, http:\/\/www.cabinetbag.fr\/bag\/wp-content\/uploads\/2013\/10\/parodontologie02-768x221.jpg 768w\" sizes=\"auto, (max-width: 800px) 100vw, 800px\" \/><\/p>\n<h3><span style=\"text-decoration: underline;\">Parodontologie :<\/span><\/h3>\n<p>C&rsquo;est l&rsquo;ensemble des techniques et des soins destin\u00e9s \u00e0 pr\u00e9server ou restaurer les tissus de soutiens des dents : gencives et tissus osseux<\/p>\n<p>Le <strong>saignement<\/strong> des gencives est un signe d&rsquo;alerte. En cas de <strong>saignement<\/strong> vous devez consulter.<br \/><div style=\"clear:both; float:none;\"><\/div><\/p>\n<p>La parodontologie s&rsquo;adresse \u00e0 trois grands types de probl\u00e8mes :<\/p>\n<p><strong>&#8211; La gingivite<\/strong><br \/>La gingivite est une affection r\u00e9versible des tissus mous. Elle s&rsquo;accompagne d&rsquo;une sensibilit\u00e9 accrue de la gencive, de saignement.<\/p>\n<p><strong>&#8211; La parodontite<\/strong><br \/>La gingivite s&rsquo;est aggrav\u00e9e, une flore microbienne agressive a contamin\u00e9 votre bouche. \u00a0Les lesions gingivales s&rsquo;accompagnent de l\u00e9sions osseuses, vos dents se \u00ab\u00a0d\u00e9chaussent\u00a0\u00bb.<\/p>\n<p>Vos gencives saignent lors du brossage ou spontan\u00e9ment (sauf chez les fumeurs), c&rsquo;est un signe d\u2019inflammation ou d&rsquo;infection.<br \/>Afin de recouvrer la sant\u00e9 parodontale, il est n\u00e9cessaire d&rsquo;assainir la cavit\u00e9 buccale, de r\u00e9\u00e9quilibrer sa flore.<br \/>Au cours du traitement nous suivons l&rsquo;\u00e9volution de la flore buccale et de son agressivit\u00e9 \u00e0 l&rsquo;aide d&rsquo;un microscope \u00e0 contraste de phases.<\/p>\n<p><a href=\"http:\/\/www.cabinetbag.fr\/bag\/wp-content\/uploads\/2016\/06\/parodontologie-microscope-small.jpg\"><img loading=\"lazy\" decoding=\"async\" class=\"aligncenter size-full wp-image-1256\" src=\"http:\/\/www.cabinetbag.fr\/bag\/wp-content\/uploads\/2016\/06\/parodontologie-microscope-small.jpg\" alt=\"parodontologie-microscope-small\" width=\"300\" height=\"169\" \/><\/a><\/p>\n<h5><span style=\"text-decoration: underline;\">Avant traitement :<\/span><\/h5>\n<p>On note la pr\u00e9sence d&rsquo;une flore agressive reconnaissable \u00e0 sa mobilit\u00e9. Des spiroch\u00e8tes (en forme de ressort), des b\u00e2tonnets mobiles parfois associ\u00e9s \u00e0 \u00a0des parasites.<\/p>\n<h5><span style=\"text-decoration: underline;\">Apr\u00e8s traitement :<\/span><\/h5>\n<p>L&rsquo;absence de mobilit\u00e9 et l&rsquo;absence de cellules inflammatoire, signent un \u00e9quilibre favorable de la flore buccale.<\/p>\n<h5><span style=\"text-decoration: underline;\">R\u00e9cession gingivale<\/span><\/h5>\n<p>Vos gencives sont fines et r\u00e9tract\u00e9es. La chirurgie plastique parodontale permet de palier \u00e0 des d\u00e9nudations de racine et \u00a0redonne du volume \u00e0 vos gencives.<\/p>\n<p><img loading=\"lazy\" decoding=\"async\" class=\"aligncenter size-full wp-image-801\" src=\"http:\/\/www.cabinetbag.fr\/bag\/wp-content\/uploads\/2013\/10\/parodontologie04.jpg\" alt=\"parodontologie04\" width=\"900\" height=\"400\" srcset=\"http:\/\/www.cabinetbag.fr\/bag\/wp-content\/uploads\/2013\/10\/parodontologie04.jpg 900w, http:\/\/www.cabinetbag.fr\/bag\/wp-content\/uploads\/2013\/10\/parodontologie04-300x133.jpg 300w, http:\/\/www.cabinetbag.fr\/bag\/wp-content\/uploads\/2013\/10\/parodontologie04-768x341.jpg 768w\" sizes=\"auto, (max-width: 900px) 100vw, 900px\" \/><\/p>\n<h3><span style=\"text-decoration: underline;\">Vid\u00e9os enregistr\u00e9es lors de l\u2019observation au microscope \u00e0 contraste de phase :<\/span><\/h3>\n<p><strong>Vid\u00e9o dent d\u00e9chauss\u00e9e : observation de la flore bact\u00e9rienne pr\u00e9lev\u00e9e imm\u00e9diatement apr\u00e8s l\u2019extraction d\u2019un molaire (cf radio) compl\u00e8tement d\u00e9chauss\u00e9e.<\/strong><\/p>\n\n\n<figure class=\"wp-block-video\"><video controls src=\"http:\/\/www.cabinetbag.fr\/bag\/wp-content\/uploads\/2014\/07\/video_dent_dechaussee.mov\"><\/video><\/figure>\n\n\n\n<div style=\"height:100px\" aria-hidden=\"true\" class=\"wp-block-spacer\"><\/div>\n\n\n\n<p><strong>Flore caract\u00e9ristique d\u2019une Parodontite : maladie des gencives.<\/strong><\/p>\n\n\n\n<figure class=\"wp-block-image size-large\"><img decoding=\"async\" src=\"http:\/\/www.cabinetbag.fr\/bag\/wp-content\/uploads\/2013\/10\/unnamed.jpg\" alt=\"\"\/><\/figure>\n","protected":false},"excerpt":{"rendered":"<p>Parodontologie : C&rsquo;est l&rsquo;ensemble des techniques et des soins destin\u00e9s \u00e0 pr\u00e9server ou restaurer les tissus de soutiens des dents : gencives et tissus osseux Le saignement des gencives est un signe d&rsquo;alerte. En cas de saignement vous devez consulter. La parodontologie s&rsquo;adresse \u00e0 trois grands types de probl\u00e8mes : &#8211; La gingiviteLa gingivite est [&hellip;]<\/p>\n","protected":false},"author":1,"featured_media":0,"parent":0,"menu_order":0,"comment_status":"closed","ping_status":"closed","template":"page-full-width.php","meta":{"footnotes":""},"class_list":["post-750","page","type-page","status-publish","hentry"],"_links":{"self":[{"href":"http:\/\/www.cabinetbag.fr\/bag\/wp-json\/wp\/v2\/pages\/750","targetHints":{"allow":["GET"]}}],"collection":[{"href":"http:\/\/www.cabinetbag.fr\/bag\/wp-json\/wp\/v2\/pages"}],"about":[{"href":"http:\/\/www.cabinetbag.fr\/bag\/wp-json\/wp\/v2\/types\/page"}],"author":[{"embeddable":true,"href":"http:\/\/www.cabinetbag.fr\/bag\/wp-json\/wp\/v2\/users\/1"}],"replies":[{"embeddable":true,"href":"http:\/\/www.cabinetbag.fr\/bag\/wp-json\/wp\/v2\/comments?post=750"}],"version-history":[{"count":7,"href":"http:\/\/www.cabinetbag.fr\/bag\/wp-json\/wp\/v2\/pages\/750\/revisions"}],"predecessor-version":[{"id":1418,"href":"http:\/\/www.cabinetbag.fr\/bag\/wp-json\/wp\/v2\/pages\/750\/revisions\/1418"}],"wp:attachment":[{"href":"http:\/\/www.cabinetbag.fr\/bag\/wp-json\/wp\/v2\/media?parent=750"}],"curies":[{"name":"wp","href":"https:\/\/api.w.org\/{rel}","templated":true}]}}