{"id":948,"date":"2014-01-26T20:19:20","date_gmt":"2014-01-26T19:19:20","guid":{"rendered":"http:\/\/trocit.com\/cabinetbag\/?page_id=948"},"modified":"2020-05-25T07:20:36","modified_gmt":"2020-05-25T05:20:36","slug":"occlusodontie","status":"publish","type":"page","link":"http:\/\/www.cabinetbag.fr\/bag\/occlusodontie\/","title":{"rendered":"Occlusodontie"},"content":{"rendered":"<p><img loading=\"lazy\" decoding=\"async\" class=\"alignright size-full wp-image-949\" alt=\"occlusodontie-01\" src=\"http:\/\/www.cabinetbag.fr\/bag\/wp-content\/uploads\/2014\/01\/occlusodontie-01.jpg\" width=\"228\" height=\"235\" \/>L&rsquo;occlusodontologie concerne l&rsquo;ajustage ou la reconstruction des contacts entre les dents antagonistes. Ses cons\u00e9quences th\u00e9rapeutiques concernent toute la symptomatologie li\u00e9e \u00e0 l&rsquo;\u00e9quilibre tonique postural de l&rsquo;individu.<br \/>\nLes sympt\u00f4mes peuvent \u00eatre musculaires et ou articulaires.<\/p>\n<p>Nous d\u00e9glutissons plus de 2000 fois par jour, ce qui fait entrer en contact nos dents en occlusion. Si cette occlusion n\u2019est pas bonne, elle peut provoquer des troubles musculaires dans un premier temps. Ces pathologies peuvent s&rsquo;aggraver et m\u00eame d\u00e9g\u00e9n\u00e9rer vers un dysfonctionnement des articulations.<br \/>\nIl peut en r\u00e9sulter des probl\u00e8mes cervicaux, lombaires ou nerveux.<\/p>\n<p>Un traitement occlusal peut corriger ce trouble, par la mise en place d\u2019une Orth\u00e8se inter-occlusale ou aussi appel\u00e9 goutti\u00e8re. Elle est ajust\u00e9e en bouche en fonction de la pathologie musculaire ou articulaire. <img decoding=\"async\" class=\"alignright size-medium wp-image-950\" alt=\"occlusodontie-03\" src=\"http:\/\/www.cabinetbag.fr\/bag\/wp-content\/uploads\/2014\/01\/occlusodontie-03-300x196.jpg\" width=\"228\" srcset=\"http:\/\/www.cabinetbag.fr\/bag\/wp-content\/uploads\/2014\/01\/occlusodontie-03-300x196.jpg 300w, http:\/\/www.cabinetbag.fr\/bag\/wp-content\/uploads\/2014\/01\/occlusodontie-03.jpg 364w\" sizes=\"(max-width: 300px) 100vw, 300px\" \/>Cette orth\u00e8se amovible est port\u00e9e soit la nuit ou jour et nuit en fonction des pathologies.<br \/>\nEnfin, il faut r\u00e9adapter l\u2019occlusion existante \u00e0 cette nouvelle position, soit par des moyens proth\u00e9tiques, soit par des moyens orthodontiques.<\/p>\n","protected":false},"excerpt":{"rendered":"<p>L&rsquo;occlusodontologie concerne l&rsquo;ajustage ou la reconstruction des contacts entre les dents antagonistes. Ses cons\u00e9quences th\u00e9rapeutiques concernent toute la symptomatologie li\u00e9e \u00e0 l&rsquo;\u00e9quilibre tonique postural de l&rsquo;individu. Les sympt\u00f4mes peuvent \u00eatre musculaires et ou articulaires. Nous d\u00e9glutissons plus de 2000 fois par jour, ce qui fait entrer en contact nos dents en occlusion. Si cette occlusion [&hellip;]<\/p>\n","protected":false},"author":1,"featured_media":0,"parent":0,"menu_order":0,"comment_status":"closed","ping_status":"closed","template":"page-full-width.php","meta":{"footnotes":""},"class_list":["post-948","page","type-page","status-publish","hentry"],"_links":{"self":[{"href":"http:\/\/www.cabinetbag.fr\/bag\/wp-json\/wp\/v2\/pages\/948","targetHints":{"allow":["GET"]}}],"collection":[{"href":"http:\/\/www.cabinetbag.fr\/bag\/wp-json\/wp\/v2\/pages"}],"about":[{"href":"http:\/\/www.cabinetbag.fr\/bag\/wp-json\/wp\/v2\/types\/page"}],"author":[{"embeddable":true,"href":"http:\/\/www.cabinetbag.fr\/bag\/wp-json\/wp\/v2\/users\/1"}],"replies":[{"embeddable":true,"href":"http:\/\/www.cabinetbag.fr\/bag\/wp-json\/wp\/v2\/comments?post=948"}],"version-history":[{"count":1,"href":"http:\/\/www.cabinetbag.fr\/bag\/wp-json\/wp\/v2\/pages\/948\/revisions"}],"predecessor-version":[{"id":1396,"href":"http:\/\/www.cabinetbag.fr\/bag\/wp-json\/wp\/v2\/pages\/948\/revisions\/1396"}],"wp:attachment":[{"href":"http:\/\/www.cabinetbag.fr\/bag\/wp-json\/wp\/v2\/media?parent=948"}],"curies":[{"name":"wp","href":"https:\/\/api.w.org\/{rel}","templated":true}]}}